{"id":985,"date":"2015-12-18T21:19:56","date_gmt":"2015-12-18T21:19:56","guid":{"rendered":"http:\/\/demo.themes4wp.com\/kakina\/?post_type=product&#038;p=943"},"modified":"2026-04-05T05:41:57","modified_gmt":"2026-04-05T05:41:57","slug":"mobile-xone","status":"publish","type":"product","link":"https:\/\/suitescervantes.com\/?product=mobile-xone","title":{"rendered":"Suite D\u00faplex"},"content":{"rendered":"<p id=\"tw-target-text\" class=\"tw-data-text tw-text-large tw-ta\" dir=\"ltr\" tabindex=\"-1\" role=\"text\" data-placeholder=\"Traducci\u00f3n\" data-ved=\"2ahUKEwi_xN352tySAxWuHzQIHV4SGgIQ3ewLegQIEBAW\" aria-label=\"Texto traducido: Esta espaciosa suite cuenta con sala de estar, 2 dormitorios independientes y ba\u00f1o con ducha y art\u00edculos de aseo gratuitos. La cocina, equipada con nevera y utensilios, est\u00e1 disponible para cocinar y guardar alimentos. La suite cuenta con aire acondicionado, TV de pantalla plana con canales por cable, entrada privada, tetera\/cafetera, armario y vistas al jard\u00edn. La unidad cuenta con 2 camas.\"><span class=\"Y2IQFc\" lang=\"es\">Esta espaciosa suite cuenta con sala de estar, 2 dormitorios independientes y ba\u00f1o con ducha y art\u00edculos de aseo gratuitos. <\/span><\/p>\n<p class=\"tw-data-text tw-text-large tw-ta\" dir=\"ltr\" tabindex=\"-1\" role=\"text\" data-placeholder=\"Traducci\u00f3n\" data-ved=\"2ahUKEwi_xN352tySAxWuHzQIHV4SGgIQ3ewLegQIEBAW\" aria-label=\"Texto traducido: Esta espaciosa suite cuenta con sala de estar, 2 dormitorios independientes y ba\u00f1o con ducha y art\u00edculos de aseo gratuitos. La cocina, equipada con nevera y utensilios, est\u00e1 disponible para cocinar y guardar alimentos. La suite cuenta con aire acondicionado, TV de pantalla plana con canales por cable, entrada privada, tetera\/cafetera, armario y vistas al jard\u00edn. La unidad cuenta con 2 camas.\"><span class=\"Y2IQFc\" lang=\"es\">La cocina, equipada con nevera y utensilios, est\u00e1 disponible para cocinar y guardar alimentos. La suite cuenta con aire acondicionado, TV de pantalla plana con canales por cable, entrada privada, tetera\/cafetera, armario y vistas al jard\u00edn. <\/span><\/p>\n<p class=\"tw-data-text tw-text-large tw-ta\" dir=\"ltr\" tabindex=\"-1\" role=\"text\" data-placeholder=\"Traducci\u00f3n\" data-ved=\"2ahUKEwi_xN352tySAxWuHzQIHV4SGgIQ3ewLegQIEBAW\" aria-label=\"Texto traducido: Esta espaciosa suite cuenta con sala de estar, 2 dormitorios independientes y ba\u00f1o con ducha y art\u00edculos de aseo gratuitos. La cocina, equipada con nevera y utensilios, est\u00e1 disponible para cocinar y guardar alimentos. La suite cuenta con aire acondicionado, TV de pantalla plana con canales por cable, entrada privada, tetera\/cafetera, armario y vistas al jard\u00edn. La unidad cuenta con 2 camas.\"><span class=\"Y2IQFc\" lang=\"es\">La unidad cuenta con 2 camas.<\/span><\/p>\n","protected":false},"excerpt":{"rendered":"<p>Suite amplia, cuenta con 2 rec\u00e1maras, sala, comedor, refrigerador y cocineta, para que te sientas como en casa.<\/p>\n","protected":false},"featured_media":1681,"comment_status":"open","ping_status":"closed","template":"","meta":[],"product_cat":[140,142],"product_tag":[],"class_list":{"0":"post-985","1":"product","2":"type-product","3":"status-publish","4":"has-post-thumbnail","6":"product_cat-suite","7":"product_cat-suites_habitaciones","9":"first","10":"instock","11":"shipping-taxable","12":"product-type-simple"},"_links":{"self":[{"href":"https:\/\/suitescervantes.com\/index.php?rest_route=\/wp\/v2\/product\/985","targetHints":{"allow":["GET"]}}],"collection":[{"href":"https:\/\/suitescervantes.com\/index.php?rest_route=\/wp\/v2\/product"}],"about":[{"href":"https:\/\/suitescervantes.com\/index.php?rest_route=\/wp\/v2\/types\/product"}],"replies":[{"embeddable":true,"href":"https:\/\/suitescervantes.com\/index.php?rest_route=%2Fwp%2Fv2%2Fcomments&post=985"}],"version-history":[{"count":2,"href":"https:\/\/suitescervantes.com\/index.php?rest_route=\/wp\/v2\/product\/985\/revisions"}],"predecessor-version":[{"id":1682,"href":"https:\/\/suitescervantes.com\/index.php?rest_route=\/wp\/v2\/product\/985\/revisions\/1682"}],"wp:featuredmedia":[{"embeddable":true,"href":"https:\/\/suitescervantes.com\/index.php?rest_route=\/wp\/v2\/media\/1681"}],"wp:attachment":[{"href":"https:\/\/suitescervantes.com\/index.php?rest_route=%2Fwp%2Fv2%2Fmedia&parent=985"}],"wp:term":[{"taxonomy":"product_cat","embeddable":true,"href":"https:\/\/suitescervantes.com\/index.php?rest_route=%2Fwp%2Fv2%2Fproduct_cat&post=985"},{"taxonomy":"product_tag","embeddable":true,"href":"https:\/\/suitescervantes.com\/index.php?rest_route=%2Fwp%2Fv2%2Fproduct_tag&post=985"}],"curies":[{"name":"wp","href":"https:\/\/api.w.org\/{rel}","templated":true}]}}