{"id":674,"date":"2016-10-30T11:45:45","date_gmt":"2016-10-30T11:45:45","guid":{"rendered":"http:\/\/demo.themes4wp.com\/maxstore\/?post_type=product&#038;p=674"},"modified":"2026-02-16T01:01:09","modified_gmt":"2026-02-16T01:01:09","slug":"terrain-mountain","status":"publish","type":"product","link":"https:\/\/suitescervantes.com\/?product=terrain-mountain","title":{"rendered":"Suite Junior"},"content":{"rendered":"<p id=\"tw-target-text\" class=\"tw-data-text tw-text-large tw-ta\" dir=\"ltr\" tabindex=\"-1\" role=\"text\" data-placeholder=\"Traducci\u00f3n\" data-ved=\"2ahUKEwi_xN352tySAxWuHzQIHV4SGgIQ3ewLegQIEBAW\" aria-label=\"Texto traducido: Esta espaciosa suite consta de una sala de estar, un dormitorio independiente y un ba\u00f1o con ducha y art\u00edculos de aseo gratuitos. La cocina est\u00e1 completamente equipada con nevera, utensilios de cocina, horno y microondas. La suite cuenta con aire acondicionado, TV de pantalla plana con canales por cable, entrada privada, tetera\/cafetera, armario y vistas al jard\u00edn. Dispone de 2 camas.\"><span class=\"Y2IQFc\" lang=\"es\">Esta espaciosa suite consta de una sala de estar, un dormitorio independiente y un ba\u00f1o con ducha y art\u00edculos de aseo gratuitos. <\/span><\/p>\n<p class=\"tw-data-text tw-text-large tw-ta\" dir=\"ltr\" tabindex=\"-1\" role=\"text\" data-placeholder=\"Traducci\u00f3n\" data-ved=\"2ahUKEwi_xN352tySAxWuHzQIHV4SGgIQ3ewLegQIEBAW\" aria-label=\"Texto traducido: Esta espaciosa suite consta de una sala de estar, un dormitorio independiente y un ba\u00f1o con ducha y art\u00edculos de aseo gratuitos. La cocina est\u00e1 completamente equipada con nevera, utensilios de cocina, horno y microondas. La suite cuenta con aire acondicionado, TV de pantalla plana con canales por cable, entrada privada, tetera\/cafetera, armario y vistas al jard\u00edn. Dispone de 2 camas.\"><span class=\"Y2IQFc\" lang=\"es\">La cocina est\u00e1 completamente equipada con nevera, utensilios de cocina, horno y microondas.<\/span><\/p>\n<p class=\"tw-data-text tw-text-large tw-ta\" dir=\"ltr\" tabindex=\"-1\" role=\"text\" data-placeholder=\"Traducci\u00f3n\" data-ved=\"2ahUKEwi_xN352tySAxWuHzQIHV4SGgIQ3ewLegQIEBAW\" aria-label=\"Texto traducido: Esta espaciosa suite consta de una sala de estar, un dormitorio independiente y un ba\u00f1o con ducha y art\u00edculos de aseo gratuitos. La cocina est\u00e1 completamente equipada con nevera, utensilios de cocina, horno y microondas. La suite cuenta con aire acondicionado, TV de pantalla plana con canales por cable, entrada privada, tetera\/cafetera, armario y vistas al jard\u00edn. Dispone de 2 camas.\"><span class=\"Y2IQFc\" lang=\"es\"> La suite cuenta con aire acondicionado, TV de pantalla plana con canales por cable, entrada privada, tetera\/cafetera, armario y vistas al jard\u00edn. Dispone de 2 camas.<\/span><\/p>\n","protected":false},"excerpt":{"rendered":"<p>Suite equipada con nevera, microondas, dos camas, pantalla y utensilios de cocina.<\/p>\n","protected":false},"featured_media":1666,"comment_status":"open","ping_status":"closed","template":"","meta":[],"product_cat":[140,142],"product_tag":[],"class_list":{"0":"post-674","1":"product","2":"type-product","3":"status-publish","4":"has-post-thumbnail","6":"product_cat-suite","7":"product_cat-suites_habitaciones","9":"first","10":"instock","11":"shipping-taxable","12":"product-type-simple"},"_links":{"self":[{"href":"https:\/\/suitescervantes.com\/index.php?rest_route=\/wp\/v2\/product\/674","targetHints":{"allow":["GET"]}}],"collection":[{"href":"https:\/\/suitescervantes.com\/index.php?rest_route=\/wp\/v2\/product"}],"about":[{"href":"https:\/\/suitescervantes.com\/index.php?rest_route=\/wp\/v2\/types\/product"}],"replies":[{"embeddable":true,"href":"https:\/\/suitescervantes.com\/index.php?rest_route=%2Fwp%2Fv2%2Fcomments&post=674"}],"version-history":[{"count":2,"href":"https:\/\/suitescervantes.com\/index.php?rest_route=\/wp\/v2\/product\/674\/revisions"}],"predecessor-version":[{"id":1667,"href":"https:\/\/suitescervantes.com\/index.php?rest_route=\/wp\/v2\/product\/674\/revisions\/1667"}],"wp:featuredmedia":[{"embeddable":true,"href":"https:\/\/suitescervantes.com\/index.php?rest_route=\/wp\/v2\/media\/1666"}],"wp:attachment":[{"href":"https:\/\/suitescervantes.com\/index.php?rest_route=%2Fwp%2Fv2%2Fmedia&parent=674"}],"wp:term":[{"taxonomy":"product_cat","embeddable":true,"href":"https:\/\/suitescervantes.com\/index.php?rest_route=%2Fwp%2Fv2%2Fproduct_cat&post=674"},{"taxonomy":"product_tag","embeddable":true,"href":"https:\/\/suitescervantes.com\/index.php?rest_route=%2Fwp%2Fv2%2Fproduct_tag&post=674"}],"curies":[{"name":"wp","href":"https:\/\/api.w.org\/{rel}","templated":true}]}}